{"id":2247,"date":"2024-12-23T21:26:40","date_gmt":"2024-12-23T21:26:40","guid":{"rendered":"http:\/\/vapenex.com\/?post_type=product&#038;p=2247"},"modified":"2026-04-06T14:29:56","modified_gmt":"2026-04-06T14:29:56","slug":"savage-nana-snap-disposable-vape-20000-puffs","status":"publish","type":"product","link":"https:\/\/vapenex.com\/pt\/savage-nana-snap-disposable-vape-20000-puffs\/","title":{"rendered":"Vape descart\u00e1vel Savage Nanasnap 20000 Puffs"},"content":{"rendered":"<div data-elementor-type=\"product-post\" data-elementor-id=\"2247\" class=\"elementor elementor-2247\" data-elementor-post-type=\"product\">\n\t\t\t\t<div class=\"elementor-element elementor-element-535667b0 e-flex e-con-boxed e-con e-parent\" data-id=\"535667b0\" data-element_type=\"container\" data-e-type=\"container\" data-settings=\"{&quot;ekit_has_onepagescroll_dot&quot;:&quot;yes&quot;}\">\n\t\t\t\t\t<div class=\"e-con-inner\">\n\t\t\t\t<div class=\"elementor-element elementor-element-673708aa elementor-widget elementor-widget-text-editor\" data-id=\"673708aa\" data-element_type=\"widget\" data-e-type=\"widget\" data-settings=\"{&quot;ekit_we_effect_on&quot;:&quot;none&quot;}\" data-widget_type=\"text-editor.default\">\n\t\t\t\t\t\t\t\t\t<h2>NANASNAP DTL 20000 \u2013 The Perfect Blend of Power and Flavor!<\/h2><h3>\u00a0<\/h3><h3>Grandes nuvens, sabores arrojados e conveni\u00eancia inigual\u00e1vel!<\/h3><p>O <strong>NANASNAP DTL 20000<\/strong> \u00e9 o seu dispositivo de elei\u00e7\u00e3o para uma experi\u00eancia de vaporiza\u00e7\u00e3o de alta qualidade. Concebido para os entusiastas do Diret-to-Lung (DTL), este vape descart\u00e1vel combina um desempenho excecional, sabores ricos e um design elegante para proporcionar satisfa\u00e7\u00e3o em cada tragada.<\/p><p>\u00a0<\/p><h3>Porqu\u00ea escolher o NANASNAP DTL 20000?<\/h3><p>\u2705 <strong>20.000 Puffs<\/strong> - Desfrutar durante muito tempo sem interrup\u00e7\u00f5es.<br \/>\u2705 <strong>Capacidade de 20 ml de E-Liquid<\/strong> - Pr\u00e9-cheio e pronto a usar para uma utiliza\u00e7\u00e3o prolongada.<br \/>\u2705 <strong>6 mg de nicotina<\/strong> - Uma pancada de nicotina suave e satisfat\u00f3ria.<br \/>\u2705 <strong>Bateria recarreg\u00e1vel de 650mAh<\/strong> - Energia fi\u00e1vel com o carregamento r\u00e1pido Tipo C.<br \/>\u2705 <strong>Sistema de c\u00e1psulas descart\u00e1veis e substitu\u00edveis<\/strong> - Vaping c\u00f3modo e sem complica\u00e7\u00f5es.<br \/>\u2705 <strong>Tecnologia DTL Big Cloud<\/strong> - Perfeito para uma produ\u00e7\u00e3o maci\u00e7a de vapor e batidas suaves.<\/p><p>\u00a0<\/p><h3>Sabores dispon\u00edveis para satisfazer os seus desejos<\/h3><p>\u2714 \ud83c\udf31\u2744\ufe0f <strong>Hortel\u00e3 fresca<\/strong> - Fresco e refrescante com notas de menta.<br \/>\u2714 \ud83e\uded0\u2744\ufe0f <strong>Gelo Blue Razz<\/strong> - Uma explos\u00e3o picante de framboesa azul com um final gelado.<br \/>\u2714 \ud83c\udf4f\u2744\ufe0f <strong>Gelo de ma\u00e7\u00e3 azeda<\/strong> - Ma\u00e7\u00e3 verde azeda combinada com um frio gelado.<br \/>\u2714 \ud83c\udf49\ud83c\udf6c <strong>Pastilha el\u00e1stica de melancia<\/strong> - A suculenta melancia encontra-se com a cl\u00e1ssica do\u00e7ura da pastilha el\u00e1stica.<br \/>\u2714 \u26a1 <strong>Red Bull<\/strong> - O ic\u00f3nico sabor da bebida energ\u00e9tica em forma de vape.<br \/>\u2714 \ud83c\udf51\ud83c\udf49 <strong>P\u00eassego Manga Melancia<\/strong> - Um trio tropical de frutos bons.<br \/>\u2714 \ud83c\udf4a\u2744\ufe0f <strong>Gelo de toranja<\/strong> - Toranja picante com um toque fresco e refrescante.<br \/>\u2714 \ud83e\udd64 <strong>Cola de cereja<\/strong> - Cola cl\u00e1ssica infundida com notas de cereja doce.<br \/>\u2714 \ud83c\udf51\u2744\ufe0f <strong>Gelo de p\u00eassego<\/strong> - P\u00eassego doce com um final gelado.<br \/>\u2714 \ud83c\udf53\ud83c\udf52 <strong>Morango Framboesa Cereja<\/strong> - Uma mistura ousada de bagas doces e azedas.<\/p><p>\u00a0<\/p><h3>Especifica\u00e7\u00f5es t\u00e9cnicas<\/h3><p>Bateria: 650mAh (recarreg\u00e1vel)<br \/>Capacidade do E-Liquid: 20ml (pr\u00e9-cheio)<br \/>\u2699\ufe0f Sistema de c\u00e1psulas: C\u00e1psulas substitu\u00edveis descart\u00e1veis para facilitar a utiliza\u00e7\u00e3o<br \/>\ud83d\udce6 <strong>Envio r\u00e1pido a partir do armaz\u00e9m da UE:<\/strong> Entrega em apenas <em>3-5 dias<\/em>!<\/p><p>\u00a0<\/p><p>Eleve a sua experi\u00eancia de vaporiza\u00e7\u00e3o com o NANASNAP DTL 20000! Concebido para os ca\u00e7adores de sabores e entusiastas das nuvens, este dispositivo oferece um desempenho e um estilo sem paralelo. Encomende agora e leve o seu jogo de vaporiza\u00e7\u00e3o para o pr\u00f3ximo n\u00edvel!<\/p>\t\t\t\t\t\t\t\t<\/div>\n\t\t\t\t\t<\/div>\n\t\t\t\t<\/div>\n\t\t\t\t<\/div>","protected":false},"excerpt":{"rendered":"<p>O\u00a0<strong>NANASNAP DTL 20000<\/strong>\u00a0\u00e9 o seu dispositivo de elei\u00e7\u00e3o para uma experi\u00eancia de vaporiza\u00e7\u00e3o de alta qualidade. Concebido para os entusiastas do Diret-to-Lung (DTL), este vape descart\u00e1vel combina um desempenho excecional, sabores ricos e um design elegante para proporcionar satisfa\u00e7\u00e3o em cada tragada.<\/p>","protected":false},"featured_media":2248,"comment_status":"open","ping_status":"closed","template":"","meta":[],"product_brand":[230],"product_cat":[2267,237],"product_tag":[],"class_list":{"0":"post-2247","1":"product","2":"type-product","3":"status-publish","4":"has-post-thumbnail","6":"product_brand-savage-vape","7":"product_cat-savage-disposable-vapes","8":"product_cat-disposable-vapes","9":"pa_battery-capacity-650-mah","10":"pa_charging-type-usb-c","11":"pa_puff-count-approx-20000","13":"first","14":"instock","15":"shipping-taxable","16":"purchasable","17":"product-type-variable"},"_links":{"self":[{"href":"https:\/\/vapenex.com\/pt\/wp-json\/wp\/v2\/product\/2247","targetHints":{"allow":["GET"]}}],"collection":[{"href":"https:\/\/vapenex.com\/pt\/wp-json\/wp\/v2\/product"}],"about":[{"href":"https:\/\/vapenex.com\/pt\/wp-json\/wp\/v2\/types\/product"}],"replies":[{"embeddable":true,"href":"https:\/\/vapenex.com\/pt\/wp-json\/wp\/v2\/comments?post=2247"}],"version-history":[{"count":1,"href":"https:\/\/vapenex.com\/pt\/wp-json\/wp\/v2\/product\/2247\/revisions"}],"predecessor-version":[{"id":3672,"href":"https:\/\/vapenex.com\/pt\/wp-json\/wp\/v2\/product\/2247\/revisions\/3672"}],"wp:featuredmedia":[{"embeddable":true,"href":"https:\/\/vapenex.com\/pt\/wp-json\/wp\/v2\/media\/2248"}],"wp:attachment":[{"href":"https:\/\/vapenex.com\/pt\/wp-json\/wp\/v2\/media?parent=2247"}],"wp:term":[{"taxonomy":"product_brand","embeddable":true,"href":"https:\/\/vapenex.com\/pt\/wp-json\/wp\/v2\/product_brand?post=2247"},{"taxonomy":"product_cat","embeddable":true,"href":"https:\/\/vapenex.com\/pt\/wp-json\/wp\/v2\/product_cat?post=2247"},{"taxonomy":"product_tag","embeddable":true,"href":"https:\/\/vapenex.com\/pt\/wp-json\/wp\/v2\/product_tag?post=2247"}],"curies":[{"name":"wp","href":"https:\/\/api.w.org\/{rel}","templated":true}]}}