{"id":1104,"date":"2024-12-16T23:18:04","date_gmt":"2024-12-16T23:18:04","guid":{"rendered":"http:\/\/vapenex.com\/?post_type=product&#038;p=1104"},"modified":"2026-04-06T14:29:57","modified_gmt":"2026-04-06T14:29:57","slug":"savage-kamera-engangs-vape-18000-puffar","status":"publish","type":"product","link":"https:\/\/vapenex.com\/sv\/savage-camera-disposable-vape-18000-puffs\/","title":{"rendered":"Savage Camera Eng\u00e5ngs Vape 18000 Puffar"},"content":{"rendered":"<div data-elementor-type=\"product-post\" data-elementor-id=\"1104\" class=\"elementor elementor-1104\" data-elementor-post-type=\"product\">\n\t\t\t\t<div class=\"elementor-element elementor-element-1bad4d1e e-flex e-con-boxed e-con e-parent\" data-id=\"1bad4d1e\" data-element_type=\"container\" data-e-type=\"container\" data-settings=\"{&quot;ekit_has_onepagescroll_dot&quot;:&quot;yes&quot;}\">\n\t\t\t\t\t<div class=\"e-con-inner\">\n\t\t\t\t<div class=\"elementor-element elementor-element-6f42892c elementor-widget elementor-widget-text-editor\" data-id=\"6f42892c\" data-element_type=\"widget\" data-e-type=\"widget\" data-settings=\"{&quot;ekit_we_effect_on&quot;:&quot;none&quot;}\" data-widget_type=\"text-editor.default\">\n\t\t\t\t\t\t\t\t\t<h2>SAVAGE CAMERA 18000 puffar - f\u00e5nga varje \u00f6gonblick av vaping!<\/h2><p>\u00a0<\/p><h3>En stilren design fullpackad med prestanda och smak!<\/h3><p>Den <strong>SAVAGE-KAMERA 18000<\/strong> \u00e4r en revolutionerande vaping-enhet som kombinerar banbrytande teknik med en snygg, kamerainspirerad design. Med sina avancerade funktioner, ut\u00f6kade sugkapacitet och en m\u00e4ngd olika oemotst\u00e5ndliga smaker \u00e4r den h\u00e4r enheten perfekt f\u00f6r vapers som kr\u00e4ver stil och substans.<\/p><p>\u00a0<\/p><h3>F\u00f6rdelar med SAVAGE CAMERA 18000 Puffs<\/h3><p>\u2705 <strong>18.000 puffar<\/strong> - Njut av l\u00e5ngvariga sessioner utan avbrott.<br \/>\u2705 <strong>28 ml kapacitet f\u00f6r e-v\u00e4tska<\/strong> - Gener\u00f6s kapacitet f\u00f6r problemfri vaping.<br \/>\u2705 <strong>20mg \/ 50mg Nic Salt Alternativ<\/strong> - Skr\u00e4ddarsy din nikotinstyrka efter dina preferenser.<br \/>\u2705 <strong>Mesh-spolteknik<\/strong> - Upplev f\u00f6rb\u00e4ttrad smak och j\u00e4mn \u00e5ngproduktion.<br \/>\u2705 <strong>Digital sk\u00e4rm<\/strong> - \u00d6vervaka din anv\u00e4ndning med enkelhet och precision.<br \/>\u2705 <strong>650mAh typ C uppladdningsbart batteri<\/strong> - Snabbladdning f\u00f6r prestanda hela dagen.<br \/>\u2705 <strong>Kompakt design (24 x 44 x 85 mm)<\/strong> - L\u00e4tt och b\u00e4rbar f\u00f6r ultimat bekv\u00e4mlighet.<\/p><p>\u00a0<\/p><h3>Smakalternativ som upphetsar<\/h3><p>\u2714 \ud83c\udf53\ud83c\udf4c <strong>Jordgubbsbanan<\/strong> - En kr\u00e4mig blandning av s\u00f6ta jordgubbar och mogna bananer.<br \/>\u2714 \ud83e\uded0\u2744\ufe0f <strong>Blue Razz Ice<\/strong> - En syrlig explosion av bl\u00e5 hallon med en isig avslutning.<br \/>\u2714 \ud83d\udc09\u2744\ufe0f <strong>Black Dragon Ice<\/strong> - Dj\u00e4rv drakfrukt med en frostig kant.<br \/>\u2714 \ud83c\udf49\ud83c\udf6c <strong>Vattenmelon Bubble Gum<\/strong> - Saftig vattenmelon m\u00f6ter klassisk s\u00f6tma fr\u00e5n bubbelgum.<br \/>\u2714 \ud83c\udf53\ud83e\udd5d <strong>Jordgubbskiwi<\/strong> - En tropisk blandning av s\u00f6ta jordgubbar och syrlig kiwi.<br \/>\u2714 \ud83c\udf53\ud83c\udf49 <strong>Jordgubbsvattenmelon<\/strong> - En saftig duo av sommarens favoritfrukter.<br \/>\u2714 \ud83c\udf53\ud83c\udf79 <strong>Jordgubbsjuice<\/strong> - Ren jordgubbsgodis i varje puff.<br \/>\u2714 \ud83c\udf4f\u2744\ufe0f <strong>Surt \u00e4pple hallon<\/strong> - En syrlig-s\u00f6t blandning av gr\u00f6nt \u00e4pple och hallon med en uppfriskande kyla.<br \/>\u2714 \ud83e\uded0\u2744\ufe0f <strong>Bl\u00e5b\u00e4ris<\/strong> - S\u00f6ta bl\u00e5b\u00e4r i kombination med iskall svalka.<br \/>\u2714 \ud83c\udf4a\ud83e\udd64 <strong>Apelsin soda<\/strong> - Zesty apelsinsmak med en brusig soda twist.<\/p><p>\u00a0<\/p><h3>Tekniska specifikationer<\/h3><p>\ud83d\udd0b <strong>Batteri:<\/strong> 650 mAh (uppladdningsbar via typ C, snabbladdning)<br \/>\ud83d\udca7 <strong>E-v\u00e4tska Kapacitet:<\/strong> 28 ml (f\u00f6rfylld)<br \/>\u2699\ufe0f <strong>Spole:<\/strong> Mesh Coil Technology f\u00f6r f\u00f6rb\u00e4ttrad smak och j\u00e4mn \u00e5ngproduktion<br \/>\ud83d\udcf1 <strong>Display:<\/strong> Digital sk\u00e4rm f\u00f6r enkel \u00f6vervakning av anv\u00e4ndningen<br \/>\ud83d\udcd0 <strong>M\u00e5tt:<\/strong> 24 x 44 x 85 mm<br \/>\ud83d\udce6 <strong>Snabb leverans fr\u00e5n lager i EU:<\/strong> Leverans inom bara <em>3-5 dagar<\/em>!<\/p><p>\u00a0<\/p><p>SAVAGE CAMERA 18000 kombinerar innovativ design, avancerad teknik och dj\u00e4rva smaker f\u00f6r att leverera en exceptionell vapingupplevelse. V\u00e4nta inte - best\u00e4ll nu och l\u00e5t varje puff ber\u00e4tta din historia!<\/p>\t\t\t\t\t\t\t\t<\/div>\n\t\t\t\t\t<\/div>\n\t\t\t\t<\/div>\n\t\t\t\t<\/div>","protected":false},"excerpt":{"rendered":"<p>Den <strong>SAVAGE-KAMERA 18000<\/strong> \u00e4r en revolutionerande vaping-enhet som kombinerar banbrytande teknik med en snygg, kamerainspirerad design. Med sina avancerade funktioner, ut\u00f6kade sugkapacitet och en m\u00e4ngd olika oemotst\u00e5ndliga smaker \u00e4r den h\u00e4r enheten perfekt f\u00f6r vapers som kr\u00e4ver stil och substans.<\/p>","protected":false},"featured_media":1171,"comment_status":"open","ping_status":"closed","template":"","meta":[],"product_brand":[230],"product_cat":[2267,237],"product_tag":[],"class_list":{"0":"post-1104","1":"product","2":"type-product","3":"status-publish","4":"has-post-thumbnail","6":"product_brand-savage-vape","7":"product_cat-savage-disposable-vapes","8":"product_cat-disposable-vapes","9":"pa_battery-capacity-650-mah","10":"pa_charging-type-usb-c","11":"pa_e-liquid-capacity-28ml","12":"pa_puff-count-approx-18000","14":"first","15":"instock","16":"shipping-taxable","17":"purchasable","18":"product-type-variable"},"_links":{"self":[{"href":"https:\/\/vapenex.com\/sv\/wp-json\/wp\/v2\/product\/1104","targetHints":{"allow":["GET"]}}],"collection":[{"href":"https:\/\/vapenex.com\/sv\/wp-json\/wp\/v2\/product"}],"about":[{"href":"https:\/\/vapenex.com\/sv\/wp-json\/wp\/v2\/types\/product"}],"replies":[{"embeddable":true,"href":"https:\/\/vapenex.com\/sv\/wp-json\/wp\/v2\/comments?post=1104"}],"version-history":[{"count":1,"href":"https:\/\/vapenex.com\/sv\/wp-json\/wp\/v2\/product\/1104\/revisions"}],"predecessor-version":[{"id":3679,"href":"https:\/\/vapenex.com\/sv\/wp-json\/wp\/v2\/product\/1104\/revisions\/3679"}],"wp:featuredmedia":[{"embeddable":true,"href":"https:\/\/vapenex.com\/sv\/wp-json\/wp\/v2\/media\/1171"}],"wp:attachment":[{"href":"https:\/\/vapenex.com\/sv\/wp-json\/wp\/v2\/media?parent=1104"}],"wp:term":[{"taxonomy":"product_brand","embeddable":true,"href":"https:\/\/vapenex.com\/sv\/wp-json\/wp\/v2\/product_brand?post=1104"},{"taxonomy":"product_cat","embeddable":true,"href":"https:\/\/vapenex.com\/sv\/wp-json\/wp\/v2\/product_cat?post=1104"},{"taxonomy":"product_tag","embeddable":true,"href":"https:\/\/vapenex.com\/sv\/wp-json\/wp\/v2\/product_tag?post=1104"}],"curies":[{"name":"wp","href":"https:\/\/api.w.org\/{rel}","templated":true}]}}