{"id":1282,"date":"2024-12-17T01:58:20","date_gmt":"2024-12-17T01:58:20","guid":{"rendered":"http:\/\/vapenex.com\/?post_type=product&#038;p=1282"},"modified":"2026-04-06T14:29:57","modified_gmt":"2026-04-06T14:29:57","slug":"savage-monster-engangs-vape-20000-puffar","status":"publish","type":"product","link":"https:\/\/vapenex.com\/sv\/savage-monster-disposable-vape-20000-puffs\/","title":{"rendered":"Savage Monster+ Eng\u00e5ngs Vape 20000 Puffar"},"content":{"rendered":"<div data-elementor-type=\"product-post\" data-elementor-id=\"1282\" class=\"elementor elementor-1282\" data-elementor-post-type=\"product\">\n\t\t\t\t<div class=\"elementor-element elementor-element-51afa936 e-flex e-con-boxed e-con e-parent\" data-id=\"51afa936\" data-element_type=\"container\" data-e-type=\"container\" data-settings=\"{&quot;ekit_has_onepagescroll_dot&quot;:&quot;yes&quot;}\">\n\t\t\t\t\t<div class=\"e-con-inner\">\n\t\t\t\t<div class=\"elementor-element elementor-element-669269bd elementor-widget elementor-widget-text-editor\" data-id=\"669269bd\" data-element_type=\"widget\" data-e-type=\"widget\" data-settings=\"{&quot;ekit_we_effect_on&quot;:&quot;none&quot;}\" data-widget_type=\"text-editor.default\">\n\t\t\t\t\t\t\t\t\t<h2>SAVAGE MONSTER+ 20000 Puffs - Byggd f\u00f6r dj\u00e4rv vaping!<\/h2><h3>\u00a0<\/h3><h3>Kompakt design, stor prestanda och oemotst\u00e5ndliga smaker!<\/h3><p>Den <strong>VILDA MONSTER+ 20000 <strong>Puffar<\/strong><\/strong> \u00e4r utformad f\u00f6r att leverera en s\u00f6ml\u00f6s vapingupplevelse med sin snygga design, kraftfulla prestanda och exceptionella smakvariation. Perfekt f\u00f6r dig som v\u00e4rdes\u00e4tter bekv\u00e4mlighet och stil, den h\u00e4r enheten erbjuder allt du beh\u00f6ver i ett kompakt paket.<\/p><h3>\u00a0<\/h3><h3>Vad g\u00f6r att SAVAGE MONSTER+ 20000 sticker ut?<\/h3><p>\u2705 <strong>20.000 puffar<\/strong> - Njut av l\u00e5ngvarig anv\u00e4ndning utan avbrott.<br \/>\u2705 <strong>20 ml kapacitet f\u00f6r e-v\u00e4tska<\/strong> - F\u00f6rfylld f\u00f6r problemfri vaping.<br \/>\u2705 <strong>0\/20\/30\/50 mg Nic Salt Alternativ<\/strong> - Justera nikotinstyrkan efter dina \u00f6nskem\u00e5l.<br \/>\u2705 <strong>System med utbytbar kapsel f\u00f6r eng\u00e5ngsbruk<\/strong> - L\u00e4tt att anv\u00e4nda och underh\u00e5lla.<br \/>\u2705 <strong>650mAh uppladdningsbart batteri<\/strong> - Tillf\u00f6rlitlig str\u00f6mf\u00f6rs\u00f6rjning med snabb Type-C-laddning.<br \/>\u2705 <strong>L\u00e4ttvikt p\u00e5 110 g<\/strong> - Utformad f\u00f6r b\u00e4rbarhet och komfort.<\/p><h3>\u00a0<\/h3><h3>Smakalternativ som upphetsar<\/h3><p>\u2714 \ud83c\udf31\u2744\ufe0f <strong>Miami Mint<\/strong> - En uppfriskande k\u00e4nsla av sval mint.<br \/>\u2714 \ud83e\uded0\ud83c\udf4b <strong>Blue Razz Lemonade<\/strong> - Syrliga bl\u00e5 hallon m\u00f6ter syrlig lemonad.<br \/>\u2714 \ud83c\udf4b\u2744\ufe0f <strong>Citron Lime<\/strong> - En citrusliknande duo av fet citron och lime.<br \/>\u2714 \ud83c\udf49\u2744\ufe0f <strong>Vattenmelon is<\/strong> - Saftig vattenmelon med en frostig avslutning.<br \/>\u2714 \ud83e\udd6d\u2744\ufe0f <strong>Mango is<\/strong> - S\u00f6t mango i kombination med en isande kyla.<br \/>\u2714 \ud83c\udf66\ud83c\udf3f <strong>Vanicreme Tobacco<\/strong> - Len vaniljkr\u00e4m blandad med robust tobak.<br \/>\u2714 \ud83c\udf47\u2744\ufe0f <strong>Grape Ice<\/strong> - Dj\u00e4rv druvsmak med en uppfriskande isig kant.<br \/>\u2714 \ud83d\udc09\ud83c\udf4c\ud83c\udf52 <strong>Dragon Fruit Banan Cherry<\/strong> - En tropisk blandning av exotiska frukter.<br \/>\u2714 \ud83c\udf53\ud83c\udf52 <strong>Blandade b\u00e4r<\/strong> - En s\u00f6t och syrlig b\u00e4rexplosion.<br \/>\u2714 \ud83e\udd64\ud83c\udf52 <strong>Cherry Cola<\/strong> - Klassisk cola infunderad med s\u00f6ta k\u00f6rsb\u00e4rsnoter.<\/p><h3>\u00a0<\/h3><h3>Tekniska specifikationer<\/h3><p>\ud83d\udd0b Batteri: 650 mAh (uppladdningsbart via typ-C)<br \/>\ud83d\udca7 E-v\u00e4tskekapacitet: 20 ml (f\u00f6rfylld)<br \/>\u2699\ufe0f Pod-system: Utbytbara kapslar f\u00f6r eng\u00e5ngsbruk<br \/>\ud83d\udce6 <strong>Snabb leverans fr\u00e5n lager i EU:<\/strong> Leverans inom bara <em>3-5 dagar<\/em>!<\/p><p>\u00a0<\/p><p>SAVAGE MONSTER+ 20000 \u00e4r det perfekta valet f\u00f6r dig som vill ha bekv\u00e4mlighet, stil och exceptionell prestanda i en och samma enhet. Best\u00e4ll nu och f\u00f6rh\u00f6j din vapingupplevelse redan idag!<\/p>\t\t\t\t\t\t\t\t<\/div>\n\t\t\t\t\t<\/div>\n\t\t\t\t<\/div>\n\t\t\t\t<\/div>","protected":false},"excerpt":{"rendered":"<p>Den <strong>VILDA MONSTER+ 20000<\/strong> \u00e4r utformad f\u00f6r att leverera en s\u00f6ml\u00f6s vapingupplevelse med sin snygga design, kraftfulla prestanda och exceptionella smakvariation. Perfekt f\u00f6r dig som v\u00e4rdes\u00e4tter bekv\u00e4mlighet och stil, den h\u00e4r enheten erbjuder allt du beh\u00f6ver i ett kompakt paket.<\/p>","protected":false},"featured_media":1326,"comment_status":"open","ping_status":"closed","template":"","meta":[],"product_brand":[230],"product_cat":[2267,237],"product_tag":[],"class_list":{"0":"post-1282","1":"product","2":"type-product","3":"status-publish","4":"has-post-thumbnail","6":"product_brand-savage-vape","7":"product_cat-savage-disposable-vapes","8":"product_cat-disposable-vapes","9":"pa_battery-capacity-650-mah","10":"pa_charging-type-usb-c","11":"pa_e-liquid-capacity-20ml","12":"pa_puff-count-approx-20000","14":"first","15":"instock","16":"shipping-taxable","17":"purchasable","18":"product-type-variable"},"_links":{"self":[{"href":"https:\/\/vapenex.com\/sv\/wp-json\/wp\/v2\/product\/1282","targetHints":{"allow":["GET"]}}],"collection":[{"href":"https:\/\/vapenex.com\/sv\/wp-json\/wp\/v2\/product"}],"about":[{"href":"https:\/\/vapenex.com\/sv\/wp-json\/wp\/v2\/types\/product"}],"replies":[{"embeddable":true,"href":"https:\/\/vapenex.com\/sv\/wp-json\/wp\/v2\/comments?post=1282"}],"version-history":[{"count":1,"href":"https:\/\/vapenex.com\/sv\/wp-json\/wp\/v2\/product\/1282\/revisions"}],"predecessor-version":[{"id":3677,"href":"https:\/\/vapenex.com\/sv\/wp-json\/wp\/v2\/product\/1282\/revisions\/3677"}],"wp:featuredmedia":[{"embeddable":true,"href":"https:\/\/vapenex.com\/sv\/wp-json\/wp\/v2\/media\/1326"}],"wp:attachment":[{"href":"https:\/\/vapenex.com\/sv\/wp-json\/wp\/v2\/media?parent=1282"}],"wp:term":[{"taxonomy":"product_brand","embeddable":true,"href":"https:\/\/vapenex.com\/sv\/wp-json\/wp\/v2\/product_brand?post=1282"},{"taxonomy":"product_cat","embeddable":true,"href":"https:\/\/vapenex.com\/sv\/wp-json\/wp\/v2\/product_cat?post=1282"},{"taxonomy":"product_tag","embeddable":true,"href":"https:\/\/vapenex.com\/sv\/wp-json\/wp\/v2\/product_tag?post=1282"}],"curies":[{"name":"wp","href":"https:\/\/api.w.org\/{rel}","templated":true}]}}