{"id":1491,"date":"2024-12-18T19:55:19","date_gmt":"2024-12-18T19:55:19","guid":{"rendered":"http:\/\/vapenex.com\/?post_type=product&#038;p=1491"},"modified":"2026-04-06T14:29:57","modified_gmt":"2026-04-06T14:29:57","slug":"savage-monster-z-engangs-vape-30000-puffar","status":"publish","type":"product","link":"https:\/\/vapenex.com\/sv\/savage-monster-z-disposable-vape-30000-puffs\/","title":{"rendered":"Savage Monster Z Eng\u00e5ngs Vape 30000 Puffar"},"content":{"rendered":"<div data-elementor-type=\"product-post\" data-elementor-id=\"1491\" class=\"elementor elementor-1491\" data-elementor-post-type=\"product\">\n\t\t\t\t<div class=\"elementor-element elementor-element-542ba5c9 e-flex e-con-boxed e-con e-parent\" data-id=\"542ba5c9\" data-element_type=\"container\" data-e-type=\"container\" data-settings=\"{&quot;ekit_has_onepagescroll_dot&quot;:&quot;yes&quot;}\">\n\t\t\t\t\t<div class=\"e-con-inner\">\n\t\t\t\t<div class=\"elementor-element elementor-element-35acdedc elementor-widget elementor-widget-text-editor\" data-id=\"35acdedc\" data-element_type=\"widget\" data-e-type=\"widget\" data-settings=\"{&quot;ekit_we_effect_on&quot;:&quot;none&quot;}\" data-widget_type=\"text-editor.default\">\n\t\t\t\t\t\t\t\t\t<h2>SAVAGE MONSTER Z 30000 Puffs - Sl\u00e4pp l\u00f6s odjuret inom dig!<\/h2><h3>\u00a0<\/h3><h3>Kraftfull prestanda, dj\u00e4rva smaker och banbrytande design!<\/h3><p>Den <strong>SAVAGE MONSTER Z 30000 Puffs<\/strong> \u00e4r inte bara en vape; det \u00e4r ett uttalande. Den h\u00e4r enheten \u00e4r konstruerad f\u00f6r dem som kr\u00e4ver det b\u00e4sta och levererar massiva moln, intensiva smaker och \u00f6verl\u00e4gsen funktionalitet. Oavsett om du \u00e4r en smakentusiast eller en molnj\u00e4gare \u00e4r det h\u00e4r kraftpaketet byggt f\u00f6r att tillfredsst\u00e4lla.<\/p><p>\u00a0<\/p><h3>Varf\u00f6r v\u00e4lja SAVAGE MONSTER Z 30000?<\/h3><p>\u2705 <strong>30.000 puffar<\/strong> - Utformad f\u00f6r l\u00e5ng livsl\u00e4ngd och oavbruten njutning.<br \/>\u2705 <strong>30 ml kapacitet f\u00f6r e-v\u00e4tska<\/strong> - F\u00f6rfylld f\u00f6r l\u00e4ngre vaping-sessioner.<br \/>\u2705 <strong>0\/20\/30\/50 mg Nic Salt Alternativ<\/strong> - Skr\u00e4ddarsy din nikotinstyrka efter dina behov.<br \/>\u2705 <strong>Fyra effektl\u00e4gen<\/strong> - Anpassa din vapingupplevelse p\u00e5 ett enkelt s\u00e4tt.<br \/>\u2705 <strong>Dual Mesh Coil-teknik<\/strong> - F\u00f6rb\u00e4ttrad smak och t\u00e4t \u00e5ngproduktion.<br \/>\u2705 <strong>Justerbart luftfl\u00f6de<\/strong> - Kontrollera din inandning perfekt f\u00f6r mjuka drag.<br \/>\u2705 <strong>700mAh typ C uppladdningsbart batteri<\/strong> - Tillf\u00f6rlitlig kraft med snabbladdning f\u00f6r anv\u00e4ndning hela dagen.<br \/>\u2705 <strong>L\u00e4ttvikt p\u00e5 120 g<\/strong> - B\u00e4rbar och l\u00e4tt att ta med sig vart du \u00e4n g\u00e5r.<\/p><p>\u00a0<\/p><h3>Smaker som t\u00e4nder dina sinnen<\/h3><p>\u2714 \ud83c\udf51\u2744\ufe0f <strong>Peach Ice<\/strong> - S\u00f6t persika med en frostig avslutning.<br \/>\u2714 \ud83c\udf4b\ud83d\udc9a <strong>Lime Romance<\/strong> - En syrlig citrussmak med en uppfriskande twist.<br \/>\u2714 \ud83c\udf31\u2744\ufe0f <strong>Cool mynta<\/strong> - Krispig och uppfriskande mintkyla.<br \/>\u2714 \ud83c\udf53\ud83c\udf4c <strong>Jordgubbsbanan<\/strong> - En kr\u00e4mig blandning av s\u00f6ta jordgubbar och mogna bananer.<br \/>\u2714 \ud83e\uded0\u2744\ufe0f <strong>Bl\u00e5 Raz Ice<\/strong> - En syrlig bl\u00e5 hallonexplosion med en isig kant.<br \/>\u2714 \ud83c\udf53\ud83e\udd6d <strong>Jordgubbsmango<\/strong> - En tropisk blandning av saftiga jordgubbar och mogna mangos.<br \/>\u2714 \ud83c\udf49\ud83c\udf6c <strong>Saftig vattenmelon<\/strong> - Uppfriskande vattenmelon med en antydan till s\u00f6tma.<br \/>\u2714 \ud83c\udf53\ud83c\udf49 <strong>Jordgubbsvattenmelon<\/strong> - En klassisk kombination av sommarens favoritfrukter.<br \/>\u2714 \ud83e\uded0\u2744\ufe0f <strong>Bl\u00e5 hallonis<\/strong> - Dj\u00e4rv b\u00e4rsmak med en frostig kyla.<br \/>\u2714 \ud83c\udf51\ud83c\udf49\u2744\ufe0f <strong>Vattenmelon Sour Peach<\/strong> - En syrlig-s\u00f6t blandning med en uppfriskande finish.<\/p><p>\u00a0<\/p><h3>Tekniska specifikationer<\/h3><p>\ud83d\udd0b Batteri: 700 mAh (uppladdningsbart via typ-C)<br \/>\ud83d\udca7 E-v\u00e4tskekapacitet: 30 ml (f\u00f6rfylld)<br \/>\u2699\ufe0f Spole: Dual Mesh Coil f\u00f6r \u00f6verl\u00e4gsen prestanda<br \/>\ud83c\udf2c\ufe0f Luftfl\u00f6de: Justerbart f\u00f6r att passa dina \u00f6nskem\u00e5l<br \/>\ud83d\udce6 <strong>Snabb leverans fr\u00e5n lager i EU:<\/strong> Leverans inom bara <em>3-5 dagar<\/em>!<\/p><p>\u00a0<\/p><p>\u00c4r du redo att ta din vapingupplevelse till n\u00e4sta niv\u00e5? F\u00f6r <strong>SAVAGE MONSTER Z 30000 Puffs<\/strong> kombinerar stil, prestanda och smakvariation som ingen annan enhet p\u00e5 marknaden. V\u00e4nta inte - best\u00e4ll din idag och sl\u00e4pp l\u00f6s odjuret inom dig!<\/p>\t\t\t\t\t\t\t\t<\/div>\n\t\t\t\t\t<\/div>\n\t\t\t\t<\/div>\n\t\t\t\t<\/div>","protected":false},"excerpt":{"rendered":"<p>Den <strong>VILDA MONSTER Z 30000<\/strong> \u00e4r inte bara en vape; det \u00e4r ett uttalande. Den h\u00e4r enheten \u00e4r konstruerad f\u00f6r dem som kr\u00e4ver det b\u00e4sta och levererar massiva moln, intensiva smaker och \u00f6verl\u00e4gsen funktionalitet. Oavsett om du \u00e4r en smakentusiast eller en molnj\u00e4gare \u00e4r det h\u00e4r kraftpaketet byggt f\u00f6r att tillfredsst\u00e4lla.<\/p>","protected":false},"featured_media":1503,"comment_status":"open","ping_status":"closed","template":"","meta":[],"product_brand":[230],"product_cat":[2267,237],"product_tag":[],"class_list":{"0":"post-1491","1":"product","2":"type-product","3":"status-publish","4":"has-post-thumbnail","6":"product_brand-savage-vape","7":"product_cat-savage-disposable-vapes","8":"product_cat-disposable-vapes","9":"pa_battery-capacity-700-mah","10":"pa_charging-type-usb-c","11":"pa_e-liquid-capacity-30ml","12":"pa_power-modes-eco","13":"pa_power-modes-max","14":"pa_power-modes-plus","15":"pa_power-modes-pro","16":"pa_puff-count-approx-30000","18":"first","19":"instock","20":"shipping-taxable","21":"purchasable","22":"product-type-variable"},"_links":{"self":[{"href":"https:\/\/vapenex.com\/sv\/wp-json\/wp\/v2\/product\/1491","targetHints":{"allow":["GET"]}}],"collection":[{"href":"https:\/\/vapenex.com\/sv\/wp-json\/wp\/v2\/product"}],"about":[{"href":"https:\/\/vapenex.com\/sv\/wp-json\/wp\/v2\/types\/product"}],"replies":[{"embeddable":true,"href":"https:\/\/vapenex.com\/sv\/wp-json\/wp\/v2\/comments?post=1491"}],"version-history":[{"count":1,"href":"https:\/\/vapenex.com\/sv\/wp-json\/wp\/v2\/product\/1491\/revisions"}],"predecessor-version":[{"id":3674,"href":"https:\/\/vapenex.com\/sv\/wp-json\/wp\/v2\/product\/1491\/revisions\/3674"}],"wp:featuredmedia":[{"embeddable":true,"href":"https:\/\/vapenex.com\/sv\/wp-json\/wp\/v2\/media\/1503"}],"wp:attachment":[{"href":"https:\/\/vapenex.com\/sv\/wp-json\/wp\/v2\/media?parent=1491"}],"wp:term":[{"taxonomy":"product_brand","embeddable":true,"href":"https:\/\/vapenex.com\/sv\/wp-json\/wp\/v2\/product_brand?post=1491"},{"taxonomy":"product_cat","embeddable":true,"href":"https:\/\/vapenex.com\/sv\/wp-json\/wp\/v2\/product_cat?post=1491"},{"taxonomy":"product_tag","embeddable":true,"href":"https:\/\/vapenex.com\/sv\/wp-json\/wp\/v2\/product_tag?post=1491"}],"curies":[{"name":"wp","href":"https:\/\/api.w.org\/{rel}","templated":true}]}}