{"id":1545,"date":"2024-12-18T21:13:11","date_gmt":"2024-12-18T21:13:11","guid":{"rendered":"http:\/\/vapenex.com\/?post_type=product&#038;p=1545"},"modified":"2026-04-06T14:29:56","modified_gmt":"2026-04-06T14:29:56","slug":"savage-vape-fort-shisha-engangs-vape-45000-puffar","status":"publish","type":"product","link":"https:\/\/vapenex.com\/sv\/savage-vape-fort-shisha-disposable-vape-45000-puffs\/","title":{"rendered":"Savage Vape Fort Shisha Eng\u00e5ngs Vape 45000 Puffar"},"content":{"rendered":"<div data-elementor-type=\"product-post\" data-elementor-id=\"1545\" class=\"elementor elementor-1545\" data-elementor-post-type=\"product\">\n\t\t\t\t<div class=\"elementor-element elementor-element-5ebcf080 e-flex e-con-boxed e-con e-parent\" data-id=\"5ebcf080\" data-element_type=\"container\" data-e-type=\"container\" data-settings=\"{&quot;ekit_has_onepagescroll_dot&quot;:&quot;yes&quot;}\">\n\t\t\t\t\t<div class=\"e-con-inner\">\n\t\t\t\t<div class=\"elementor-element elementor-element-29f93ab6 elementor-widget elementor-widget-text-editor\" data-id=\"29f93ab6\" data-element_type=\"widget\" data-e-type=\"widget\" data-settings=\"{&quot;ekit_we_effect_on&quot;:&quot;none&quot;}\" data-widget_type=\"text-editor.default\">\n\t\t\t\t\t\t\t\t\t<h2>FORT SHISHA 45000 - Kraft, smak och stil i varje puff!<\/h2><h3>\u00a0<\/h3><h3>Unleash the Beast - Stora moln, dj\u00e4rva smaker och ostoppbar prestanda!<\/h3><p>Ta steget in i framtidens vaping med <strong>FORT SHISHA 45000<\/strong>. Den h\u00e4r enheten \u00e4r designad f\u00f6r dem som kr\u00e4ver excellens och kombinerar banbrytande teknik med en exotisk design som sticker ut. Oavsett om du jagar massiva moln eller njuter av rika smaker \u00e4r FORT SHISHA 45000 din ultimata f\u00f6ljeslagare.<\/p><p>\u00a0<\/p><h3>Varf\u00f6r v\u00e4lja FORT SHISHA 45000?<\/h3><p>\u2705 <strong>45.000 puffar<\/strong> - Byggd f\u00f6r att h\u00e5lla f\u00f6r o\u00e4ndlig njutning.<br \/>\u2705 <strong>30 ml kapacitet f\u00f6r e-v\u00e4tska<\/strong> - F\u00f6rfylld f\u00f6r l\u00e4ngre vaping-sessioner.<br \/>\u2705 <strong>3 mg nikotinstyrka<\/strong> - Mjuk men \u00e4nd\u00e5 tillfredsst\u00e4llande nikotinleverans.<br \/>\u2705 <strong>Mesh-spolteknik<\/strong> - L\u00e5s upp intensiva smaker och t\u00e4ta moln.<br \/>\u2705 <strong>Justerbart luftfl\u00f6de<\/strong> - Skr\u00e4ddarsy din inandning till perfektion.<br \/>\u2705 <strong>650mAh uppladdningsbart batteri<\/strong> - Tillf\u00f6rlitlig str\u00f6mf\u00f6rs\u00f6rjning med snabbladdning av typ C.<br \/>\u2705 <strong>150 g l\u00e4ttviktsdesign<\/strong> - B\u00e4rbar och elegant f\u00f6r anv\u00e4ndning i farten.<\/p><p>\u00a0<\/p><h3>Smaker som v\u00e4cker dina sinnen<\/h3><p>\u2714 \u26a1Red Bull - Ge dina smakl\u00f6kar ny energi med denna ikoniska smak.<br \/>\u2714 \ud83c\udf53\ud83c\udf52 <strong>Blandade b\u00e4r<\/strong> - En s\u00f6t och syrlig explosion av goda b\u00e4r.<br \/>\u2714 \ud83e\udd64\u2744\ufe0f <strong>Cola Ice<\/strong> - Klassisk cola med en frostig finish.<br \/>\u2714 \ud83c\udf53\u2744\ufe0f <strong>Jordgubbis<\/strong> - Saftiga jordgubbar med en isig twist.<br \/>\u2714 \ud83e\uded0\u2744\ufe0f <strong>Blue Razz Ice<\/strong> - En syrlig bl\u00e5 hallonexplosion med en svalkande kant.<br \/>\u2714 \ud83e\uded0\u2744\ufe0f <strong>Bl\u00e5b\u00e4ris<\/strong> - S\u00f6ta bl\u00e5b\u00e4r i kombination med en uppfriskande kyla.<br \/>\u2714 \ud83c\udf49\u2744\ufe0f <strong>Vattenmelon is<\/strong> - Saftig vattenmelon m\u00f6ter iskall svalka.<br \/>\u2714 \ud83c\udf51\ud83c\udf49 <strong>Mango Persika vattenmelon<\/strong> - En tropisk fruktblandning som tr\u00e4ffar alla r\u00e4tt.<br \/>\u2714 \ud83c\udf47\u2744\ufe0f <strong>Grape Ice<\/strong> - Dj\u00e4rv druvsmak med en frostig kick.<br \/>\u2714 \ud83c\udf53\ud83c\udf49 <strong>Jordgubbsvattenmelon<\/strong> - En klassisk kombination av sommarens finaste frukter.<\/p><p>\u00a0<\/p><h3>Tekniska specifikationer<\/h3><p>\ud83d\udd0b Batteri: 650 mAh (uppladdningsbart)<br \/>\ud83d\udca7 E-v\u00e4tskekapacitet: 30 ml (f\u00f6rfylld)<br \/>\u2699\ufe0f Coil: Mesh Coil f\u00f6r \u00f6verl\u00e4gsen prestanda<br \/>\ud83c\udf2c\ufe0f Luftfl\u00f6de: Justerbart f\u00f6r personliga dragningar<br \/>\ud83d\udce6 <strong>Snabb leverans fr\u00e5n lager i EU:<\/strong> Leverans inom bara <em>3-5 dagar<\/em>!<\/p><p>\u00a0<\/p><p>Uppt\u00e4ck den perfekta balansen mellan kraft och elegans med FORT SHISHA 45000! Oavsett om du \u00e4r en molnj\u00e4gare eller en smakentusiast \u00e4r den h\u00e4r enheten byggd f\u00f6r att imponera och prestera. V\u00e4nta inte - ta tag i din idag och g\u00f6r varje puff extraordin\u00e4r!<\/p>\t\t\t\t\t\t\t\t<\/div>\n\t\t\t\t\t<\/div>\n\t\t\t\t<\/div>\n\t\t\t\t<\/div>","protected":false},"excerpt":{"rendered":"<p>Ta steget in i framtidens vaping med <strong>FORT SHISHA 45000<\/strong>. Den h\u00e4r enheten \u00e4r designad f\u00f6r dem som kr\u00e4ver excellens och kombinerar banbrytande teknik med en exotisk design som sticker ut. Oavsett om du jagar massiva moln eller njuter av rika smaker \u00e4r FORT SHISHA 45000 din ultimata f\u00f6ljeslagare.<\/p>","protected":false},"featured_media":1547,"comment_status":"open","ping_status":"closed","template":"","meta":[],"product_brand":[230],"product_cat":[2267,237],"product_tag":[],"class_list":{"0":"post-1545","1":"product","2":"type-product","3":"status-publish","4":"has-post-thumbnail","6":"product_brand-savage-vape","7":"product_cat-savage-disposable-vapes","8":"product_cat-disposable-vapes","9":"pa_battery-capacity-650-mah","10":"pa_charging-type-usb-c","11":"pa_e-liquid-capacity-30ml","12":"pa_puff-count-approx-45000","14":"first","15":"instock","16":"shipping-taxable","17":"purchasable","18":"product-type-variable"},"_links":{"self":[{"href":"https:\/\/vapenex.com\/sv\/wp-json\/wp\/v2\/product\/1545","targetHints":{"allow":["GET"]}}],"collection":[{"href":"https:\/\/vapenex.com\/sv\/wp-json\/wp\/v2\/product"}],"about":[{"href":"https:\/\/vapenex.com\/sv\/wp-json\/wp\/v2\/types\/product"}],"replies":[{"embeddable":true,"href":"https:\/\/vapenex.com\/sv\/wp-json\/wp\/v2\/comments?post=1545"}],"version-history":[{"count":1,"href":"https:\/\/vapenex.com\/sv\/wp-json\/wp\/v2\/product\/1545\/revisions"}],"predecessor-version":[{"id":3673,"href":"https:\/\/vapenex.com\/sv\/wp-json\/wp\/v2\/product\/1545\/revisions\/3673"}],"wp:featuredmedia":[{"embeddable":true,"href":"https:\/\/vapenex.com\/sv\/wp-json\/wp\/v2\/media\/1547"}],"wp:attachment":[{"href":"https:\/\/vapenex.com\/sv\/wp-json\/wp\/v2\/media?parent=1545"}],"wp:term":[{"taxonomy":"product_brand","embeddable":true,"href":"https:\/\/vapenex.com\/sv\/wp-json\/wp\/v2\/product_brand?post=1545"},{"taxonomy":"product_cat","embeddable":true,"href":"https:\/\/vapenex.com\/sv\/wp-json\/wp\/v2\/product_cat?post=1545"},{"taxonomy":"product_tag","embeddable":true,"href":"https:\/\/vapenex.com\/sv\/wp-json\/wp\/v2\/product_tag?post=1545"}],"curies":[{"name":"wp","href":"https:\/\/api.w.org\/{rel}","templated":true}]}}