{"id":206,"date":"2024-12-03T21:30:48","date_gmt":"2024-12-03T21:30:48","guid":{"rendered":"http:\/\/vapenex.com\/?post_type=product&#038;p=206"},"modified":"2026-04-06T14:29:57","modified_gmt":"2026-04-06T14:29:57","slug":"savage-crystal-600-engangsvapen","status":"publish","type":"product","link":"https:\/\/vapenex.com\/sv\/savage-crystal-600-disposable-vape\/","title":{"rendered":"Savage Crystal Eng\u00e5ngs Vape 600 Puffar"},"content":{"rendered":"<div data-elementor-type=\"product-post\" data-elementor-id=\"206\" class=\"elementor elementor-206\" data-elementor-post-type=\"product\">\n\t\t\t\t<div class=\"elementor-element elementor-element-30650af6 e-flex e-con-boxed e-con e-parent\" data-id=\"30650af6\" data-element_type=\"container\" data-e-type=\"container\" data-settings=\"{&quot;ekit_has_onepagescroll_dot&quot;:&quot;yes&quot;}\">\n\t\t\t\t\t<div class=\"e-con-inner\">\n\t\t\t\t<div class=\"elementor-element elementor-element-4fa516a6 elementor-widget elementor-widget-text-editor\" data-id=\"4fa516a6\" data-element_type=\"widget\" data-e-type=\"widget\" data-settings=\"{&quot;ekit_we_effect_on&quot;:&quot;none&quot;}\" data-widget_type=\"text-editor.default\">\n\t\t\t\t\t\t\t\t\t<h3>SAVAGE CRYSTAL 600 Puffs - Kompakt, snygg och uppfriskande!<\/h3><h4>\u00a0<\/h4><h4>Den perfekta vaffen i fickformat f\u00f6r smak\u00e4lskare!<\/h4><p>Den <strong>SAVAGE CRYSTAL 600 Puffar<\/strong> \u00e4r den ultimata kompakta vaping-enheten, utformad f\u00f6r dem som v\u00e4rdes\u00e4tter bekv\u00e4mlighet och stil utan att kompromissa med prestanda. Med sin snygga design, tillfredsst\u00e4llande puffkapacitet och en m\u00e4ngd olika dj\u00e4rva smaker \u00e4r den h\u00e4r enheten perfekt f\u00f6r b\u00e5de nyb\u00f6rjare och erfarna vapers.<\/p><p>\u00a0<\/p><h3>Varf\u00f6r v\u00e4lja SAVAGE CRYSTAL 600 Puffs?<\/h3><p>\u2705 <strong>600 Puffar<\/strong> - Perfekt f\u00f6r snabba, tillfredsst\u00e4llande vaping-sessioner.<br \/>\u2705 <strong>2 ml kapacitet f\u00f6r e-v\u00e4tska<\/strong> - F\u00f6rfylld f\u00f6r problemfri anv\u00e4ndning.<br \/>\u2705 <strong>20 mg Nic Salt Styrka<\/strong> - Mjuk och tillfredsst\u00e4llande nikotintillf\u00f6rsel.<br \/>\u2705 <strong>Mesh-spolteknik<\/strong> - F\u00f6rb\u00e4ttrad smak och j\u00e4mn \u00e5ngproduktion.<br \/>\u2705 <strong>550mAh inbyggt batteri<\/strong> - Tillf\u00f6rlitlig kraft som r\u00e4cker hela dagen.<br \/>\u2705 <strong>L\u00e4ttvikt p\u00e5 34 g<\/strong> - Ultraportabel och l\u00e4tt att ta med sig \u00f6verallt.<\/p><p>\u00a0<\/p><h3>Smakalternativ som upphetsar<\/h3><p>\u2714 \ud83c\udf4e\ud83c\udf51 <strong>\u00c4pple persika<\/strong> - En s\u00f6t och saftig blandning av krispiga \u00e4pplen och mogna persikor.<br \/>\u2714 \ud83c\udf4d\ud83c\udf51\ud83e\udd6d <strong>Ananas Persika Mango<\/strong> - En tropisk trio spr\u00e4ngfylld med fruktiga godsaker.<br \/>\u2714 \ud83c\udf31\u2744\ufe0f <strong>Spearmint<\/strong> - En uppfriskande explosion av sval mintfr\u00e4schhet.<br \/>\u2714 \ud83c\udf49\ud83c\udf6c\u2744\ufe0f <strong>Vattenmelon Bubblegum Ice<\/strong> - Saftig vattenmelon med en frostig bubbelgums twist.<br \/>\u2714 \ud83c\udf4c\u2744\ufe0f <strong>Bananis<\/strong> - Kr\u00e4mig banan i kombination med en uppfriskande kyla.<br \/>\u2714 \ud83e\uded0\ud83c\udf52 <strong>Bl\u00e5b\u00e4r Tranb\u00e4r K\u00f6rsb\u00e4r<\/strong> - En dj\u00e4rv blandning av s\u00f6ta och syrliga b\u00e4r.<br \/>\u2714 \ud83c\udf4a <strong>Rosa grapefrukt<\/strong> - Pikant grapefrukt med en syrlig-s\u00f6t kick.<br \/>\u2714 \ud83d\udfe9\ud83d\udc3b <strong>Gr\u00f6n gummibj\u00f6rn<\/strong> - En lekfull explosion av godisinspirerad s\u00f6tma.<br \/>\u2714 \ud83c\udf34\u2744\ufe0f <strong>Litchi is<\/strong> - Exotisk litchi parat med en isig avslutning.<\/p><p>\u00a0<\/p><h3>Tekniska specifikationer<\/h3><p><br \/>\ud83d\udd0b <strong>Batteri:<\/strong> Inbyggd 550mAh f\u00f6r tillf\u00f6rlitlig prestanda<br \/>\ud83d\udca7 <strong>E-v\u00e4tska Kapacitet:<\/strong> 2 ml (f\u00f6rfylld)<br \/>\u2699\ufe0f <strong>Spole:<\/strong> Mesh Coil Technology f\u00f6r f\u00f6rb\u00e4ttrad smak och \u00e5ngproduktion<br \/>\u2696\ufe0f <strong>Vikt:<\/strong> 34g<br \/>\ud83d\udce6 <strong>Snabb leverans fr\u00e5n lager i EU:<\/strong> Leverans inom bara <em>3-5 dagar<\/em>!<\/p><p>\u00a0<\/p><p>SAVAGE CRYSTAL 600 Puffs kombinerar b\u00e4rbarhet, stil och dj\u00e4rva smaker i ett snyggt paket. Perfekt f\u00f6r vaping p\u00e5 spr\u00e5ng eller som en vardaglig f\u00f6ljeslagare, den h\u00e4r enheten \u00e4r ett m\u00e5ste f\u00f6r alla vape-entusiaster. Best\u00e4ll din idag och njut av den perfekta puffen varje g\u00e5ng!<\/p>\t\t\t\t\t\t\t\t<\/div>\n\t\t\t\t\t<\/div>\n\t\t\t\t<\/div>\n\t\t\t\t<\/div>","protected":false},"excerpt":{"rendered":"<p><em>Den perfekta vaffen i fickformat f\u00f6r smak\u00e4lskare!<\/em><br \/>Den <strong>SAVAGE CRYSTAL 600 Puffar<\/strong> \u00e4r den ultimata kompakta vaping-enheten, utformad f\u00f6r dem som v\u00e4rdes\u00e4tter bekv\u00e4mlighet och stil utan att kompromissa med prestanda. Med sin snygga design, tillfredsst\u00e4llande puffkapacitet och en m\u00e4ngd olika dj\u00e4rva smaker \u00e4r den h\u00e4r enheten perfekt f\u00f6r b\u00e5de nyb\u00f6rjare och erfarna vapers.<\/p>","protected":false},"featured_media":3112,"comment_status":"open","ping_status":"closed","template":"","meta":[],"product_brand":[230],"product_cat":[2267,237],"product_tag":[],"class_list":{"0":"post-206","1":"product","2":"type-product","3":"status-publish","4":"has-post-thumbnail","6":"product_brand-savage-vape","7":"product_cat-savage-disposable-vapes","8":"product_cat-disposable-vapes","9":"pa_battery-capacity-500-mah","10":"pa_e-liquid-capacity-2ml","11":"pa_puff-count-approx-600","13":"first","14":"instock","15":"shipping-taxable","16":"purchasable","17":"product-type-variable"},"_links":{"self":[{"href":"https:\/\/vapenex.com\/sv\/wp-json\/wp\/v2\/product\/206","targetHints":{"allow":["GET"]}}],"collection":[{"href":"https:\/\/vapenex.com\/sv\/wp-json\/wp\/v2\/product"}],"about":[{"href":"https:\/\/vapenex.com\/sv\/wp-json\/wp\/v2\/types\/product"}],"replies":[{"embeddable":true,"href":"https:\/\/vapenex.com\/sv\/wp-json\/wp\/v2\/comments?post=206"}],"version-history":[{"count":1,"href":"https:\/\/vapenex.com\/sv\/wp-json\/wp\/v2\/product\/206\/revisions"}],"predecessor-version":[{"id":3683,"href":"https:\/\/vapenex.com\/sv\/wp-json\/wp\/v2\/product\/206\/revisions\/3683"}],"wp:featuredmedia":[{"embeddable":true,"href":"https:\/\/vapenex.com\/sv\/wp-json\/wp\/v2\/media\/3112"}],"wp:attachment":[{"href":"https:\/\/vapenex.com\/sv\/wp-json\/wp\/v2\/media?parent=206"}],"wp:term":[{"taxonomy":"product_brand","embeddable":true,"href":"https:\/\/vapenex.com\/sv\/wp-json\/wp\/v2\/product_brand?post=206"},{"taxonomy":"product_cat","embeddable":true,"href":"https:\/\/vapenex.com\/sv\/wp-json\/wp\/v2\/product_cat?post=206"},{"taxonomy":"product_tag","embeddable":true,"href":"https:\/\/vapenex.com\/sv\/wp-json\/wp\/v2\/product_tag?post=206"}],"curies":[{"name":"wp","href":"https:\/\/api.w.org\/{rel}","templated":true}]}}