{"id":2341,"date":"2024-12-23T23:39:09","date_gmt":"2024-12-23T23:39:09","guid":{"rendered":"http:\/\/vapenex.com\/?post_type=product&#038;p=2341"},"modified":"2025-08-29T16:26:37","modified_gmt":"2025-08-29T16:26:37","slug":"fire-vape-dubbel-engangs-vape-20000-30000-puffar","status":"publish","type":"product","link":"https:\/\/vapenex.com\/sv\/fire-vape-dual-disposable-vape-20000-30000-puffs\/","title":{"rendered":"Fire Vape Dual Eng\u00e5ngs Vape 20000\/30000 Puffar"},"content":{"rendered":"<div data-elementor-type=\"product-post\" data-elementor-id=\"2341\" class=\"elementor elementor-2341\" data-elementor-post-type=\"product\">\n\t\t\t\t<div class=\"elementor-element elementor-element-2ba9a00e e-flex e-con-boxed e-con e-parent\" data-id=\"2ba9a00e\" data-element_type=\"container\" data-e-type=\"container\" data-settings=\"{&quot;ekit_has_onepagescroll_dot&quot;:&quot;yes&quot;}\">\n\t\t\t\t\t<div class=\"e-con-inner\">\n\t\t\t\t<div class=\"elementor-element elementor-element-2b43904d elementor-widget elementor-widget-text-editor\" data-id=\"2b43904d\" data-element_type=\"widget\" data-e-type=\"widget\" data-settings=\"{&quot;ekit_we_effect_on&quot;:&quot;none&quot;}\" data-widget_type=\"text-editor.default\">\n\t\t\t\t\t\t\t\t\t<h2 class=\"wp-block-heading\">FIRE VAPE VOLCANO 20000\/30000 Puffs - Omdefiniera din vapingupplevelse!<\/h2><h3>\u00a0<\/h3><h3>O\u00f6vertr\u00e4ffad prestanda, otroliga smaker och l\u00e5ngvarig tillfredsst\u00e4llelse!<\/h3><p>Den <strong>ELD VAPE VULKAN<\/strong><strong> 20000\/30000<\/strong> \u00e4r den ultimata enheten f\u00f6r vapers som kr\u00e4ver kraft, smak och bekv\u00e4mlighet. Med sina banbrytande funktioner och snygga design \u00e4r den h\u00e4r enheten perfekt f\u00f6r b\u00e5de nyb\u00f6rjare och erfarna entusiaster.<\/p><p>\u00a0<\/p><h3 class=\"wp-block-heading\">Varf\u00f6r v\u00e4lja FIRE VAPE VOLCANO?<\/h3><p>\u2705 <strong>30 000 puffar i vanligt l\u00e4ge &amp; 20 000 puffar i boost-l\u00e4ge<\/strong> - O\u00f6vertr\u00e4ffad livsl\u00e4ngd f\u00f6r oavbruten njutning.<br \/>\u2705 <strong>30 ml kapacitet f\u00f6r e-v\u00e4tska<\/strong> - Du beh\u00f6ver inte oroa dig f\u00f6r st\u00e4ndiga p\u00e5fyllningar.<br \/>\u2705 <strong>Justerbara effektinst\u00e4llningar<\/strong> - Anpassa intensiteten p\u00e5 din vaping efter ditt hum\u00f6r.<br \/>\u2705 <strong>650mAh uppladdningsbart batteri<\/strong> - Snabb och bekv\u00e4m typ C-laddning f\u00f6r anv\u00e4ndning hela dagen.<br \/>\u2705 <strong>Inbyggd smart displaysk\u00e4rm<\/strong> - \u00d6vervaka enkelt batteritid och antal puffar.<br \/>\u2705 <strong>Dual Mesh Coil-teknik<\/strong> - F\u00f6rb\u00e4ttrad smak och j\u00e4mnare \u00e5ngproduktion.<br \/>\u2705 <strong>S\u00e4kerhetsfunktion med barnl\u00e5s<\/strong> - Trygghet f\u00f6r s\u00e4ker anv\u00e4ndning.<\/p><p>\u00a0<\/p><h3 class=\"wp-block-heading\">L\u00e4ckra smaker att v\u00e4lja mellan<\/h3><p>\u2714 \ud83e\uded0 <strong>Bl\u00e5b\u00e4r Hallon<\/strong> - En perfekt balans mellan s\u00f6ta och syrliga b\u00e4r.<br \/>\u2714 \ud83e\udd64 <strong>Cherry Cola<\/strong> - Klassisk cola med en k\u00f6rsb\u00e4rstvist.<br \/>\u2714 \ud83c\udf47\ud83c\udf53 <strong>Jordgubbsdruva<\/strong> - En h\u00e4rlig blandning av saftiga jordgubbar och vindruvor.<br \/>\u2714 \u2744\ufe0f\ud83c\udf53 <strong>Triple Berry Ice<\/strong> - En uppfriskande blandning av b\u00e4r med en frostig finish.<br \/>\u2714 \ud83e\uded0\u2744\ufe0f <strong>Bl\u00e5b\u00e4ris<\/strong> - S\u00f6ta bl\u00e5b\u00e4r med en isande kyla.<br \/>\u2714 \ud83c\udf53\ud83e\udd5d <strong>Jordgubbskiwi<\/strong> - En tropisk blandning av jordgubbar och kiwi.<br \/>\u2714 \ud83c\udf49\u2744\ufe0f <strong>Vattenmelon is<\/strong> - Saftig vattenmelon med en svalkande k\u00e4nsla.<br \/>\u2714 \ud83c\udf4f\ud83c\udf47 <strong>Syrlig \u00e4ppeldruva<\/strong> - En syrlig-s\u00f6t kombo som ger en rej\u00e4l sm\u00e4ll.<br \/>\u2714 \u26a1 <strong>Red Bull<\/strong> - Den ikoniska smaken av energidryck i vape-form.<br \/>\u2714 \ud83c\udf53\ud83c\udf49 <strong>Jordgubbsvattenmelon<\/strong> - En saftig duo av sommarens favoritfrukter.<br \/>\u2714 \ud83c\udf47\u2744\ufe0f <strong>Triple Grape Ice<\/strong> - Dj\u00e4rv druvsmak med en isig kant.<br \/>\u2714 \ud83c\udf53\ud83d\udc09 <strong>12 Jordgubbsdrakfrukt<\/strong> - Exotisk drakfrukt i kombination med s\u00f6ta jordgubbar.<\/p><p>\u00a0<\/p><h3 class=\"wp-block-heading\">Tekniska specifikationer<\/h3><p>\ud83d\udd0b Batteri: 650 mAh (uppladdningsbart)<br \/>\ud83d\udca7 E-v\u00e4tskekapacitet: 30 ml<br \/>\u2699\ufe0f Spole: Dual Mesh Coil f\u00f6r \u00f6verl\u00e4gsen prestanda<br \/>\ud83d\udcca Display: Smart sk\u00e4rm f\u00f6r enkel \u00f6vervakning<br \/>\ud83e\uddd2 S\u00e4kerhet: Barnl\u00e5s ing\u00e5r<br \/>\ud83d\udce6 <strong>Snabb leverans fr\u00e5n lager i EU:<\/strong> Leverans inom bara <em>3-5 dagar<\/em>!<\/p><p>\u00a0<\/p><p>N\u00f6j dig inte med mindre n\u00e4r du kan f\u00e5 allt! FIRE VAPE VOLCANO \u00e4r din ink\u00f6rsport till exceptionell smak, massiva moln och oslagbar prestanda. Best\u00e4ll nu och upplev n\u00e4sta niv\u00e5 av vaping!<\/p>\t\t\t\t\t\t\t\t<\/div>\n\t\t\t\t\t<\/div>\n\t\t\t\t<\/div>\n\t\t\t\t<\/div>","protected":false},"excerpt":{"rendered":"<p>Den\u00a0<strong>ELD VAPE VULKAN 20000\/30000<\/strong>\u00a0\u00e4r den ultimata enheten f\u00f6r vapers som kr\u00e4ver kraft, smak och bekv\u00e4mlighet. Med sina banbrytande funktioner och snygga design \u00e4r den h\u00e4r enheten perfekt f\u00f6r b\u00e5de nyb\u00f6rjare och erfarna entusiaster.<\/p>","protected":false},"featured_media":2392,"comment_status":"open","ping_status":"closed","template":"","meta":[],"product_brand":[231],"product_cat":[237],"product_tag":[],"class_list":{"0":"post-2341","1":"product","2":"type-product","3":"status-publish","4":"has-post-thumbnail","6":"product_brand-fire-vape","7":"product_cat-disposable-vapes","8":"pa_battery-capacity-650-mah","9":"pa_charging-type-usb-c","10":"pa_e-liquid-capacity-30ml","11":"pa_power-modes-eco","12":"pa_power-modes-max","13":"pa_puff-count-approx-20000","14":"pa_puff-count-approx-30000","16":"first","17":"instock","18":"shipping-taxable","19":"purchasable","20":"product-type-variable"},"_links":{"self":[{"href":"https:\/\/vapenex.com\/sv\/wp-json\/wp\/v2\/product\/2341","targetHints":{"allow":["GET"]}}],"collection":[{"href":"https:\/\/vapenex.com\/sv\/wp-json\/wp\/v2\/product"}],"about":[{"href":"https:\/\/vapenex.com\/sv\/wp-json\/wp\/v2\/types\/product"}],"replies":[{"embeddable":true,"href":"https:\/\/vapenex.com\/sv\/wp-json\/wp\/v2\/comments?post=2341"}],"version-history":[{"count":1,"href":"https:\/\/vapenex.com\/sv\/wp-json\/wp\/v2\/product\/2341\/revisions"}],"predecessor-version":[{"id":3669,"href":"https:\/\/vapenex.com\/sv\/wp-json\/wp\/v2\/product\/2341\/revisions\/3669"}],"wp:featuredmedia":[{"embeddable":true,"href":"https:\/\/vapenex.com\/sv\/wp-json\/wp\/v2\/media\/2392"}],"wp:attachment":[{"href":"https:\/\/vapenex.com\/sv\/wp-json\/wp\/v2\/media?parent=2341"}],"wp:term":[{"taxonomy":"product_brand","embeddable":true,"href":"https:\/\/vapenex.com\/sv\/wp-json\/wp\/v2\/product_brand?post=2341"},{"taxonomy":"product_cat","embeddable":true,"href":"https:\/\/vapenex.com\/sv\/wp-json\/wp\/v2\/product_cat?post=2341"},{"taxonomy":"product_tag","embeddable":true,"href":"https:\/\/vapenex.com\/sv\/wp-json\/wp\/v2\/product_tag?post=2341"}],"curies":[{"name":"wp","href":"https:\/\/api.w.org\/{rel}","templated":true}]}}