{"id":916,"date":"2024-12-16T04:33:18","date_gmt":"2024-12-16T04:33:18","guid":{"rendered":"http:\/\/vapenex.com\/?post_type=product&#038;p=916"},"modified":"2026-04-06T14:29:57","modified_gmt":"2026-04-06T14:29:57","slug":"savage-monster-x8000-engangs-vape-8000-puffar","status":"publish","type":"product","link":"https:\/\/vapenex.com\/sv\/savage-monster-x8000-disposable-vape-8000-puffs\/","title":{"rendered":"Savage Monster X8000 Eng\u00e5ngs Vape 8000 Puffar"},"content":{"rendered":"<div data-elementor-type=\"product-post\" data-elementor-id=\"916\" class=\"elementor elementor-916\" data-elementor-post-type=\"product\">\n\t\t\t\t<div class=\"elementor-element elementor-element-2c577f4b e-flex e-con-boxed e-con e-parent\" data-id=\"2c577f4b\" data-element_type=\"container\" data-e-type=\"container\" data-settings=\"{&quot;ekit_has_onepagescroll_dot&quot;:&quot;yes&quot;}\">\n\t\t\t\t\t<div class=\"e-con-inner\">\n\t\t\t\t<div class=\"elementor-element elementor-element-2bb8e97e elementor-widget elementor-widget-text-editor\" data-id=\"2bb8e97e\" data-element_type=\"widget\" data-e-type=\"widget\" data-settings=\"{&quot;ekit_we_effect_on&quot;:&quot;none&quot;}\" data-widget_type=\"text-editor.default\">\n\t\t\t\t\t\t\t\t\t<h3>SAVAGE MONSTER X 8000 Puffs - Kompakt kraft, dj\u00e4rva smaker!<\/h3><h4>\u00a0<\/h4><h4>Sl\u00e4pp loss den ultimata vapingupplevelsen i en snygg design!<\/h4><p>Den <strong>SAVAGE MONSTER X 8000 Puffs<\/strong> \u00e4r en kompakt men \u00e4nd\u00e5 kraftfull vaping-enhet utformad f\u00f6r vapnare som kr\u00e4ver exceptionell prestanda och bekv\u00e4mlighet. Med sin l\u00e4tta konstruktion, avancerade mesh-spolteknik och en m\u00e4ngd olika oemotst\u00e5ndliga smaker \u00e4r den h\u00e4r enheten perfekt f\u00f6r vapingentusiaster som \u00e4r p\u00e5 spr\u00e5ng.<\/p><p>\u00a0<\/p><h3>Varf\u00f6r v\u00e4lja SAVAGE MONSTER X 8000?<\/h3><p>\u2705 <strong>8.000 puffar<\/strong> - L\u00e5ngvarig prestanda f\u00f6r l\u00e5ngvarig njutning.<br \/>\u2705 <strong>12 ml kapacitet f\u00f6r e-v\u00e4tska<\/strong> - F\u00f6rfylld f\u00f6r problemfri vaping.<br \/>\u2705 <strong>50 mg Nic Salt Styrka<\/strong> - Mjuk och tillfredsst\u00e4llande nikotintillf\u00f6rsel.<br \/>\u2705 <strong>Mesh-spolteknik<\/strong> - F\u00f6rb\u00e4ttrad smak och t\u00e4t \u00e5ngproduktion.<br \/>\u2705 <strong>Typ-C uppladdningsbart batteri<\/strong> - Snabbladdning f\u00f6r anv\u00e4ndning hela dagen.<br \/>\u2705 <strong>L\u00e4ttvikt p\u00e5 75 g<\/strong> - Kompakt och b\u00e4rbar f\u00f6r ultimat bekv\u00e4mlighet.<\/p><p>\u00a0<\/p><h3>Smakalternativ som upphetsar<\/h3><p>\u2714 \ud83c\udf0c\u2728 <strong>Savage Dream<\/strong> - En unik blandning av dj\u00e4rva och s\u00f6ta smaker.<br \/>\u2714 \ud83c\udf51\ud83c\udf49\ud83e\udd6d <strong>Persika Mango Vattenmelon<\/strong> - En tropisk trio av fruktiga godsaker.<br \/>\u2714 \u26a1 <strong>Savage Bull<\/strong> - Den ikoniska smaken av energidryck i vape-form.<br \/>\u2714 \ud83c\udf53\ud83c\udf47 <strong>Galna b\u00e4r<\/strong> - En blandning av s\u00f6ta och syrliga b\u00e4r.<br \/>\u2714 \ud83c\udf31\ud83c\udf47 <strong>Aloe druva<\/strong> - En uppfriskande blandning av aloe vera och saftiga vindruvor.<br \/>\u2714 \ud83c\udf53\ud83c\udf49 <strong>Jordgubbsvattenmelon<\/strong> - En saftig duo av sommarens favoritfrukter.<br \/>\u2714 \ud83e\uded0\u2744\ufe0f <strong>Blue Razz Ice<\/strong> - Fr\u00e4scht bl\u00e5tt hallon med en frostig finish.<br \/>\u2714 \ud83e\uded0\u2744\ufe0f <strong>Bl\u00e5b\u00e4ris<\/strong> - S\u00f6ta bl\u00e5b\u00e4r i kombination med en isande kyla.<br \/>\u2714 \ud83e\udd64\u2744\ufe0f <strong>Cola Ice<\/strong> - Klassisk colasmak med en frostig kant.<br \/>\u2714 \ud83c\udf49\u2744\ufe0f <strong>Vattenmelon is<\/strong> - Saftig vattenmelon med en uppfriskande svalka.<\/p><p>\u00a0<\/p><h3>Tekniska specifikationer<\/h3><p>\ud83d\udd0b <strong>Batteri:<\/strong> Typ C-laddningsbar f\u00f6r snabb och tillf\u00f6rlitlig laddning<br \/>\ud83d\udca7 <strong>E-v\u00e4tska Kapacitet:<\/strong> 12 ml (f\u00f6rfylld)<br \/>\u2699\ufe0f <strong>Spole:<\/strong> Mesh Coil Technology f\u00f6r f\u00f6rb\u00e4ttrad smak och j\u00e4mn \u00e5ngproduktion<br \/>\u2696\ufe0f <strong>Vikt:<\/strong> 75g<br \/>\ud83d\udce6 <strong>Snabb leverans fr\u00e5n lager i EU:<\/strong> Leverans inom bara <em>3-5 dagar<\/em>!<\/p><p>\u00a0<\/p><p>SAVAGE MONSTER X 8000 Puffs kombinerar elegant design, avancerad teknik och dj\u00e4rva smaker f\u00f6r att leverera en extraordin\u00e4r vapingupplevelse. Best\u00e4ll din idag och f\u00f6rh\u00f6j varje puff!<\/p>\t\t\t\t\t\t\t\t<\/div>\n\t\t\t\t\t<\/div>\n\t\t\t\t<\/div>\n\t\t\t\t<\/div>","protected":false},"excerpt":{"rendered":"<p>Den <strong>SAVAGE MONSTER X 8000 Puffs<\/strong> \u00e4r en kompakt men kraftfull vaping-enhet som \u00e4r utformad f\u00f6r vapnare som kr\u00e4ver exceptionell prestanda och bekv\u00e4mlighet. Med sin l\u00e4tta konstruktion, avancerade mesh-spolteknik och en m\u00e4ngd olika oemotst\u00e5ndliga smaker \u00e4r den h\u00e4r enheten perfekt f\u00f6r vapingentusiaster som \u00e4r p\u00e5 spr\u00e5ng.<\/p>","protected":false},"featured_media":927,"comment_status":"open","ping_status":"closed","template":"","meta":[],"product_brand":[230],"product_cat":[2267,237],"product_tag":[],"class_list":{"0":"post-916","1":"product","2":"type-product","3":"status-publish","4":"has-post-thumbnail","6":"product_brand-savage-vape","7":"product_cat-savage-disposable-vapes","8":"product_cat-disposable-vapes","9":"pa_battery-capacity-500-mah","10":"pa_charging-type-usb-c","11":"pa_e-liquid-capacity-12ml","12":"pa_puff-count-approx-8000","14":"first","15":"instock","16":"shipping-taxable","17":"purchasable","18":"product-type-variable"},"_links":{"self":[{"href":"https:\/\/vapenex.com\/sv\/wp-json\/wp\/v2\/product\/916","targetHints":{"allow":["GET"]}}],"collection":[{"href":"https:\/\/vapenex.com\/sv\/wp-json\/wp\/v2\/product"}],"about":[{"href":"https:\/\/vapenex.com\/sv\/wp-json\/wp\/v2\/types\/product"}],"replies":[{"embeddable":true,"href":"https:\/\/vapenex.com\/sv\/wp-json\/wp\/v2\/comments?post=916"}],"version-history":[{"count":1,"href":"https:\/\/vapenex.com\/sv\/wp-json\/wp\/v2\/product\/916\/revisions"}],"predecessor-version":[{"id":3682,"href":"https:\/\/vapenex.com\/sv\/wp-json\/wp\/v2\/product\/916\/revisions\/3682"}],"wp:featuredmedia":[{"embeddable":true,"href":"https:\/\/vapenex.com\/sv\/wp-json\/wp\/v2\/media\/927"}],"wp:attachment":[{"href":"https:\/\/vapenex.com\/sv\/wp-json\/wp\/v2\/media?parent=916"}],"wp:term":[{"taxonomy":"product_brand","embeddable":true,"href":"https:\/\/vapenex.com\/sv\/wp-json\/wp\/v2\/product_brand?post=916"},{"taxonomy":"product_cat","embeddable":true,"href":"https:\/\/vapenex.com\/sv\/wp-json\/wp\/v2\/product_cat?post=916"},{"taxonomy":"product_tag","embeddable":true,"href":"https:\/\/vapenex.com\/sv\/wp-json\/wp\/v2\/product_tag?post=916"}],"curies":[{"name":"wp","href":"https:\/\/api.w.org\/{rel}","templated":true}]}}