{"id":965,"date":"2024-12-16T20:48:07","date_gmt":"2024-12-16T20:48:07","guid":{"rendered":"http:\/\/vapenex.com\/?post_type=product&#038;p=965"},"modified":"2026-04-06T14:29:57","modified_gmt":"2026-04-06T14:29:57","slug":"savage-cola-flaska-engangs-vape-8000-puffar","status":"publish","type":"product","link":"https:\/\/vapenex.com\/sv\/savage-cola-bottle-disposable-vape-8000-puffs\/","title":{"rendered":"Savage Cola Bottle Eng\u00e5ngs Vape 8000 Puffar"},"content":{"rendered":"<div data-elementor-type=\"product-post\" data-elementor-id=\"965\" class=\"elementor elementor-965\" data-elementor-post-type=\"product\">\n\t\t\t\t<div class=\"elementor-element elementor-element-12412042 e-flex e-con-boxed e-con e-parent\" data-id=\"12412042\" data-element_type=\"container\" data-e-type=\"container\" data-settings=\"{&quot;ekit_has_onepagescroll_dot&quot;:&quot;yes&quot;}\">\n\t\t\t\t\t<div class=\"e-con-inner\">\n\t\t\t\t<div class=\"elementor-element elementor-element-1ca574d3 elementor-widget elementor-widget-text-editor\" data-id=\"1ca574d3\" data-element_type=\"widget\" data-e-type=\"widget\" data-settings=\"{&quot;ekit_we_effect_on&quot;:&quot;none&quot;}\" data-widget_type=\"text-editor.default\">\n\t\t\t\t\t\t\t\t\t<h3>SAVAGE COLA BOTTLE 8000 Puffs - Kompakt, snygg och smakrik!<\/h3><h4>\u00a0<\/h4><h4>Perfekt designad f\u00f6r smidig vaping n\u00e4r som helst, var som helst!<\/h4><p>Den <strong>SAVAGE COLA FLASKA 8000 Puffar<\/strong> \u00e4r en elegant, b\u00e4rbar vaping-enhet som kombinerar stil, prestanda och bekv\u00e4mlighet. Med sin unika flaskinspirerade design och en m\u00e4ngd olika dj\u00e4rva smaker \u00e4r den h\u00e4r enheten perfekt f\u00f6r vapers som vill ha en problemfri men \u00e4nd\u00e5 premiumupplevelse.<\/p><p>\u00a0<\/p><h3>Varf\u00f6r v\u00e4lja SAVAGE COLA BOTTLE 8000?<\/h3><p>\u2705 <strong>8.000 puffar<\/strong> - Njut av l\u00e4ngre vaping-sessioner utan avbrott.<br \/>\u2705 <strong>20 ml kapacitet f\u00f6r e-v\u00e4tska<\/strong> - F\u00f6rfylld f\u00f6r l\u00e5ngvarig anv\u00e4ndning.<br \/>\u2705 <strong>50 mg nikotinstyrka<\/strong> - Tillfredsst\u00e4llande och j\u00e4mn nikotintillf\u00f6rsel.<br \/>\u2705 <strong>Mesh-spolteknik<\/strong> - F\u00f6rb\u00e4ttrad smak och t\u00e4t \u00e5ngproduktion.<br \/>\u2705 <strong>650mAh typ C uppladdningsbart batteri<\/strong> - Snabbladdning f\u00f6r prestanda hela dagen.<br \/>\u2705 <strong>L\u00e4ttvikt p\u00e5 78 g<\/strong> - Kompakt och b\u00e4rbar f\u00f6r vaping n\u00e4r du \u00e4r p\u00e5 spr\u00e5ng.<\/p><p>\u00a0<\/p><h3>Smakalternativ som upphetsar<\/h3><p>\u2714 \ud83e\uded0\u2744\ufe0f <strong>Blue Razz Ice<\/strong> - En syrlig explosion av bl\u00e5 hallon med en frostig finish.<br \/>\u2714 \ud83c\udf53\u2744\ufe0f <strong>Triple Berry Ice<\/strong> - En uppfriskande blandning av s\u00f6ta och syrliga b\u00e4r med en isig touch.<br \/>\u2714 \ud83c\udf49\u2744\ufe0f <strong>Vattenmelon is<\/strong> - Saftig vattenmelon i kombination med en svalkande k\u00e4nsla.<br \/>\u2714 \u26a1 <strong>Energi<\/strong> - Den ikoniska smaken av energidryck i vape-form.<br \/>\u2714 \ud83c\udf48\ud83c\udf49 <strong>Trippel melon<\/strong> - En blandning av s\u00f6ta meloner f\u00f6r en tropisk tillflyktsort.<br \/>\u2714 \ud83e\udd5d\ud83c\udf34\ud83c\udf50 <strong>Kiwi Passionsfrukt Guava<\/strong> - En tropisk trio av exotiska frukter.<br \/>\u2714 \ud83c\udf4d\ud83e\udd65 <strong>Ananas kokos<\/strong> - En kr\u00e4mig blandning av s\u00f6t ananas och kokosn\u00f6t.<br \/>\u2714 \ud83e\udd6d\ud83c\udf51 <strong>Trippel Mango<\/strong> - Dj\u00e4rv mangosmak med en tropisk twist.<br \/>\u2714 \ud83c\udf53\ud83e\udd5d <strong>Jordgubbskiwi<\/strong> - En klassisk blandning av s\u00f6ta jordgubbar och syrlig kiwi.<br \/>\u2714 \ud83e\uded0\u2744\ufe0f <strong>Bl\u00e5b\u00e4ris<\/strong> - S\u00f6ta bl\u00e5b\u00e4r med en uppfriskande isig kant.<\/p><p>\u00a0<\/p><h3>Tekniska specifikationer<\/h3><p>\ud83d\udd0b <strong>Batteri:<\/strong> 650 mAh (laddningsbar via typ-C)<br \/>\ud83d\udca7 <strong>E-v\u00e4tska Kapacitet:<\/strong> 20 ml (f\u00f6rfylld)<br \/>\u2699\ufe0f <strong>Spole:<\/strong> Mesh Coil Technology f\u00f6r f\u00f6rb\u00e4ttrad smak och j\u00e4mn \u00e5ngproduktion<br \/>\ud83d\udcd0 <strong>M\u00e5tt:<\/strong> 30 x 108 mm<br \/>\u2696\ufe0f <strong>Vikt:<\/strong> 78g<br \/>\ud83d\udce6 <strong>Snabb leverans fr\u00e5n lager i EU:<\/strong> Leverans inom bara <em>3-5 dagar<\/em>!<\/p><p>\u00a0<\/p><p>SAVAGE COLA BOTTLE 8000 Puffs \u00e4r den perfekta blandningen av bekv\u00e4mlighet, stil och exceptionell prestanda. Best\u00e4ll din idag och njut av en extraordin\u00e4r vapingupplevelse!<\/p>\t\t\t\t\t\t\t\t<\/div>\n\t\t\t\t\t<\/div>\n\t\t\t\t<\/div>\n\t\t\t\t<\/div>","protected":false},"excerpt":{"rendered":"<p>Den <strong>SAVAGE COLA FLASKA 8000 Puffar<\/strong> \u00e4r en elegant, b\u00e4rbar vaping-enhet som kombinerar stil, prestanda och bekv\u00e4mlighet. Med sin unika flaskinspirerade design och en m\u00e4ngd olika dj\u00e4rva smaker \u00e4r den h\u00e4r enheten perfekt f\u00f6r vapers som vill ha en problemfri men \u00e4nd\u00e5 premiumupplevelse.<\/p>","protected":false},"featured_media":982,"comment_status":"open","ping_status":"closed","template":"","meta":[],"product_brand":[230],"product_cat":[2267,237],"product_tag":[],"class_list":{"0":"post-965","1":"product","2":"type-product","3":"status-publish","4":"has-post-thumbnail","6":"product_brand-savage-vape","7":"product_cat-savage-disposable-vapes","8":"product_cat-disposable-vapes","9":"pa_battery-capacity-650-mah","10":"pa_charging-type-usb-c","11":"pa_e-liquid-capacity-20ml","12":"pa_puff-count-approx-8000","14":"first","15":"instock","16":"shipping-taxable","17":"purchasable","18":"product-type-variable"},"_links":{"self":[{"href":"https:\/\/vapenex.com\/sv\/wp-json\/wp\/v2\/product\/965","targetHints":{"allow":["GET"]}}],"collection":[{"href":"https:\/\/vapenex.com\/sv\/wp-json\/wp\/v2\/product"}],"about":[{"href":"https:\/\/vapenex.com\/sv\/wp-json\/wp\/v2\/types\/product"}],"replies":[{"embeddable":true,"href":"https:\/\/vapenex.com\/sv\/wp-json\/wp\/v2\/comments?post=965"}],"version-history":[{"count":1,"href":"https:\/\/vapenex.com\/sv\/wp-json\/wp\/v2\/product\/965\/revisions"}],"predecessor-version":[{"id":3681,"href":"https:\/\/vapenex.com\/sv\/wp-json\/wp\/v2\/product\/965\/revisions\/3681"}],"wp:featuredmedia":[{"embeddable":true,"href":"https:\/\/vapenex.com\/sv\/wp-json\/wp\/v2\/media\/982"}],"wp:attachment":[{"href":"https:\/\/vapenex.com\/sv\/wp-json\/wp\/v2\/media?parent=965"}],"wp:term":[{"taxonomy":"product_brand","embeddable":true,"href":"https:\/\/vapenex.com\/sv\/wp-json\/wp\/v2\/product_brand?post=965"},{"taxonomy":"product_cat","embeddable":true,"href":"https:\/\/vapenex.com\/sv\/wp-json\/wp\/v2\/product_cat?post=965"},{"taxonomy":"product_tag","embeddable":true,"href":"https:\/\/vapenex.com\/sv\/wp-json\/wp\/v2\/product_tag?post=965"}],"curies":[{"name":"wp","href":"https:\/\/api.w.org\/{rel}","templated":true}]}}