{"id":989,"date":"2024-12-16T21:35:17","date_gmt":"2024-12-16T21:35:17","guid":{"rendered":"http:\/\/vapenex.com\/?post_type=product&#038;p=989"},"modified":"2026-04-06T14:29:57","modified_gmt":"2026-04-06T14:29:57","slug":"savage-bubbla-engangs-vape-15000-puffar","status":"publish","type":"product","link":"https:\/\/vapenex.com\/sv\/savage-bubble-disposable-vape-15000-puffs\/","title":{"rendered":"Savage Bubble Eng\u00e5ngs Vape 15000 Puffar"},"content":{"rendered":"<div data-elementor-type=\"product-post\" data-elementor-id=\"989\" class=\"elementor elementor-989\" data-elementor-post-type=\"product\">\n\t\t\t\t<div class=\"elementor-element elementor-element-2ec1d44d e-flex e-con-boxed e-con e-parent\" data-id=\"2ec1d44d\" data-element_type=\"container\" data-e-type=\"container\" data-settings=\"{&quot;ekit_has_onepagescroll_dot&quot;:&quot;yes&quot;}\">\n\t\t\t\t\t<div class=\"e-con-inner\">\n\t\t\t\t<div class=\"elementor-element elementor-element-409c262b elementor-widget elementor-widget-text-editor\" data-id=\"409c262b\" data-element_type=\"widget\" data-e-type=\"widget\" data-settings=\"{&quot;ekit_we_effect_on&quot;:&quot;none&quot;}\" data-widget_type=\"text-editor.default\">\n\t\t\t\t\t\t\t\t\t<h2>SAVAGE BUBBLE 15000 Puffs - Kompakt design, stor effekt!<\/h2><h3>\u00a0<\/h3><h3>Enkel vaping med stil och prestanda!<\/h3><p>Den <strong>SAVAGE BUBBLE 15000 puffar<\/strong> \u00e4r det ultimata valet f\u00f6r vapnare som kr\u00e4ver snygg design, b\u00e4rbarhet och exceptionell prestanda. Med sina avancerade funktioner, dj\u00e4rva smaker och kompakta konstruktion garanterar den h\u00e4r enheten en f\u00f6rstklassig vapingupplevelse varje g\u00e5ng.<\/p><p>\u00a0<\/p><h3>F\u00f6rdelar med SAVAGE BUBBLE 15000 Puffs<\/h3><p>\u2705 <strong>15.000 puffar<\/strong> - Byggd f\u00f6r l\u00e5ngvarig anv\u00e4ndning utan avbrott.<br \/>\u2705 <strong>26 ml kapacitet f\u00f6r e-v\u00e4tska<\/strong> - F\u00f6rfylld f\u00f6r problemfri vaping.<br \/>\u2705 <strong>20 mg \/ 30 mg \/ 50 mg Nic Salt Alternativ<\/strong> - Anpassa nikotinstyrkan s\u00e5 att den passar dina behov.<br \/>\u2705 <strong>Mesh-spolteknik<\/strong> - F\u00f6rb\u00e4ttrad smak och j\u00e4mn \u00e5ngproduktion.<br \/>\u2705 <strong>Inbyggd smart displaysk\u00e4rm<\/strong> - \u00d6vervaka enkelt din anv\u00e4ndning och batteritid.<br \/>\u2705 <strong>650mAh typ C uppladdningsbart batteri<\/strong> - Snabb och tillf\u00f6rlitlig laddning f\u00f6r anv\u00e4ndning hela dagen.<br \/>\u2705 <strong>Kompakt och l\u00e4tt (21 x 97 x 44 mm, 110 g)<\/strong> - Utformad f\u00f6r att vara bekv\u00e4m n\u00e4r du \u00e4r p\u00e5 spr\u00e5ng.<\/p><p>\u00a0<\/p><h3>Smakalternativ som upphetsar<\/h3><p>\u2714 \ud83c\udf51\ud83c\udf49\ud83e\udd6d <strong>Persika Mango Vattenmelon<\/strong> - En tropisk trio av fruktiga godsaker.<br \/>\u2714 \ud83c\udf0c\u2728 <strong>Savage Dream<\/strong> - En unik blandning av dj\u00e4rva och s\u00f6ta smaker.<br \/>\u2714 \ud83e\uded0\u2744\ufe0f <strong>Blue Razz Ice<\/strong> - Fr\u00e4scht bl\u00e5tt hallon med en frostig finish.<br \/>\u2714 \ud83c\udf49\u2744\ufe0f <strong>Vattenmelon is<\/strong> - Saftig vattenmelon i kombination med en isande kyla.<br \/>\u2714 \ud83c\udf53\ud83c\udf47 <strong>Galna b\u00e4r<\/strong> - En blandning av s\u00f6ta och syrliga b\u00e4r.<br \/>\u2714 \ud83d\udd35\u2744\ufe0f\ud83d\udd34 <strong>Bl\u00e5 R\u00f6d Mint<\/strong> - En uppfriskande blandning av mint med dj\u00e4rva b\u00e4riga undertoner.<br \/>\u2714 \ud83c\udf47\ud83c\udf3f <strong>Lila lapp<\/strong> - En rik och livfull druvinspirerad upplevelse.<br \/>\u2714 \ud83c\udf53\ud83c\udf66 <strong>Jordgubbsglass<\/strong> - S\u00f6ta jordgubbar med en kr\u00e4mig twist.<br \/>\u2714 \ud83e\udd64\u2744\ufe0f <strong>Cola Ice<\/strong> - Klassisk colasmak med en frostig kant.<\/p><p>\u00a0<\/p><h3>Tekniska specifikationer<\/h3><p>\ud83d\udd0b <strong>Batteri:<\/strong> 650 mAh (laddningsbar via typ-C)<br \/>\ud83d\udca7 <strong>E-v\u00e4tska Kapacitet:<\/strong> 26 ml (f\u00f6rfylld)<br \/>\u2699\ufe0f <strong>Spole:<\/strong> Mesh Coil Technology f\u00f6r f\u00f6rb\u00e4ttrad smak och j\u00e4mn \u00e5ngproduktion<br \/>\ud83d\udcf1 <strong>Display:<\/strong> Inbyggd Smart Display-sk\u00e4rm f\u00f6r enkel \u00f6vervakning av anv\u00e4ndning och batteritid<br \/>\ud83d\udcd0 <strong>M\u00e5tt:<\/strong> 21 x 97 x 44 mm<br \/>\u2696\ufe0f <strong>Vikt:<\/strong> 110g<br \/>\ud83d\udce6 <strong>Snabb leverans fr\u00e5n lager i EU:<\/strong> Leverans inom bara <em>3-5 dagar<\/em>!<\/p><p>\u00a0<\/p><p>SAVAGE BUBBLE 15000 kombinerar avancerad teknik, oemotst\u00e5ndliga smaker och elegant design f\u00f6r att leverera en vapingupplevelse som \u00e4r o\u00f6vertr\u00e4ffad. Best\u00e4ll din idag och njut av varje puff till fullo!<\/p>\t\t\t\t\t\t\t\t<\/div>\n\t\t\t\t\t<\/div>\n\t\t\t\t<\/div>\n\t\t\t\t<\/div>","protected":false},"excerpt":{"rendered":"<p>Den <strong>SAVAGE BUBBLE 15000 puffar<\/strong> \u00e4r det ultimata valet f\u00f6r vapnare som kr\u00e4ver snygg design, b\u00e4rbarhet och exceptionell prestanda. Med sina avancerade funktioner, dj\u00e4rva smaker och kompakta konstruktion garanterar den h\u00e4r enheten en f\u00f6rstklassig vapingupplevelse varje g\u00e5ng.<\/p>","protected":false},"featured_media":1009,"comment_status":"open","ping_status":"closed","template":"","meta":[],"product_brand":[230],"product_cat":[2267,237],"product_tag":[],"class_list":{"0":"post-989","1":"product","2":"type-product","3":"status-publish","4":"has-post-thumbnail","6":"product_brand-savage-vape","7":"product_cat-savage-disposable-vapes","8":"product_cat-disposable-vapes","9":"pa_battery-capacity-650-mah","10":"pa_charging-type-usb-c","11":"pa_e-liquid-capacity-26ml","12":"pa_puff-count-approx-15000","14":"first","15":"instock","16":"shipping-taxable","17":"purchasable","18":"product-type-variable"},"_links":{"self":[{"href":"https:\/\/vapenex.com\/sv\/wp-json\/wp\/v2\/product\/989","targetHints":{"allow":["GET"]}}],"collection":[{"href":"https:\/\/vapenex.com\/sv\/wp-json\/wp\/v2\/product"}],"about":[{"href":"https:\/\/vapenex.com\/sv\/wp-json\/wp\/v2\/types\/product"}],"replies":[{"embeddable":true,"href":"https:\/\/vapenex.com\/sv\/wp-json\/wp\/v2\/comments?post=989"}],"version-history":[{"count":1,"href":"https:\/\/vapenex.com\/sv\/wp-json\/wp\/v2\/product\/989\/revisions"}],"predecessor-version":[{"id":3680,"href":"https:\/\/vapenex.com\/sv\/wp-json\/wp\/v2\/product\/989\/revisions\/3680"}],"wp:featuredmedia":[{"embeddable":true,"href":"https:\/\/vapenex.com\/sv\/wp-json\/wp\/v2\/media\/1009"}],"wp:attachment":[{"href":"https:\/\/vapenex.com\/sv\/wp-json\/wp\/v2\/media?parent=989"}],"wp:term":[{"taxonomy":"product_brand","embeddable":true,"href":"https:\/\/vapenex.com\/sv\/wp-json\/wp\/v2\/product_brand?post=989"},{"taxonomy":"product_cat","embeddable":true,"href":"https:\/\/vapenex.com\/sv\/wp-json\/wp\/v2\/product_cat?post=989"},{"taxonomy":"product_tag","embeddable":true,"href":"https:\/\/vapenex.com\/sv\/wp-json\/wp\/v2\/product_tag?post=989"}],"curies":[{"name":"wp","href":"https:\/\/api.w.org\/{rel}","templated":true}]}}